{"id":8,"date":"2022-09-14T08:56:19","date_gmt":"2022-09-14T06:56:19","guid":{"rendered":"https:\/\/www.publimailer.fr\/?page_id=8"},"modified":"2022-11-04T12:33:33","modified_gmt":"2022-11-04T11:33:33","slug":"accueil","status":"publish","type":"page","link":"https:\/\/www.publimailer.fr\/","title":{"rendered":"Accueil"},"content":{"rendered":"\n<div class=\"wp-block-columns is-layout-flex wp-container-core-columns-is-layout-9d6595d7 wp-block-columns-is-layout-flex\">\n<div class=\"wp-block-column is-layout-flow wp-block-column-is-layout-flow\">\n<figure class=\"wp-block-image size-full\"><img decoding=\"async\" src=\"https:\/\/www.publimailer.fr\/wp-content\/uploads\/2022\/09\/boite-aux-lettres.jpg\" alt=\"\" class=\"wp-image-15\"\/><\/figure>\n\n\n\n<h2 class=\"wp-block-heading\">DISTRIBUTION EN BOITES AUX LETTRES DE QUALITE<\/h2>\n\n\n\n<p>La distribution en bo\u00eetes aux lettres de qualit\u00e9 en \u00eele de france et sur le territoire national. depuis toujours, nous recherchons la qualit\u00e9 maximale dans ce m\u00e9tier au combien difficile et al\u00e9atoire !<br><br><strong>En accompagnement de vos campagnes de distribution en bo\u00eetes aux lettres, nous vous proposons<\/strong><br><br>L\u2019impression de vos documents au meilleur prix<br>L\u2019envoi d\u2019e-mailings avec des fichiers de tr\u00e8s bonnes qualit\u00e9s fournis par des soci\u00e9t\u00e9s dont c\u2019est le meilleur prix.<br>La cr\u00e9ation des maquettes de vos flyers.<br><br>Depuis le temps que nous faisons de la distribution, nous avons une id\u00e9e de ce qui marche et de ce qui ne marche pas !<\/p>\n<\/div>\n\n\n\n<div class=\"wp-block-column is-layout-flow wp-block-column-is-layout-flow\">\n<figure class=\"wp-block-image size-full\"><img decoding=\"async\" src=\"https:\/\/www.publimailer.fr\/wp-content\/uploads\/2022\/09\/flyers.jpg\" alt=\"\" class=\"wp-image-16\"\/><\/figure>\n\n\n\n<h2 class=\"wp-block-heading\">NOS TARIFS<\/h2>\n\n\n\n<figure class=\"wp-block-table is-style-regular\"><table><tbody><tr><td>Impression 10 000 A5 135 g<\/td><td>229 \u20ac<\/td><\/tr><tr><td>Impression 100 000 A5 135 g<\/td><td>1490 \u20ac<\/td><\/tr><tr><td>Distribution 10 000 flyers Paris intra-muros<\/td><td>500 \u20ac<\/td><\/tr><tr><td>Distribution 10 000 flyers IDF (hors zone rurale)<\/td><td>600 \u20ac \u00e0 800 \u20ac<\/td><\/tr><tr><td>Maquette A5<\/td><td>70 \u20ac<\/td><\/tr><tr><td>Distribution main \u00e0 la main 2h+1h trajet<\/td><td>125 \u20ac<\/td><\/tr><tr><td>E-mailing 100 000 mails IDF<\/td><td>199 \u20ac<\/td><\/tr><\/tbody><\/table><\/figure>\n<\/div>\n<\/div>\n","protected":false},"excerpt":{"rendered":"<p>DISTRIBUTION EN BOITES AUX LETTRES DE QUALITE La distribution en bo\u00eetes aux lettres de qualit\u00e9 en \u00eele de france et sur le territoire national. depuis toujours, nous recherchons la qualit\u00e9 maximale dans ce m\u00e9tier au combien difficile et al\u00e9atoire ! En accompagnement de vos campagnes de distribution en bo\u00eetes aux lettres, nous vous proposons L\u2019impression [&hellip;]<\/p>\n","protected":false},"author":1,"featured_media":0,"parent":0,"menu_order":0,"comment_status":"closed","ping_status":"closed","template":"","meta":{"footnotes":""},"class_list":["post-8","page","type-page","status-publish","hentry"],"aioseo_notices":[],"_links":{"self":[{"href":"https:\/\/www.publimailer.fr\/index.php?rest_route=\/wp\/v2\/pages\/8","targetHints":{"allow":["GET"]}}],"collection":[{"href":"https:\/\/www.publimailer.fr\/index.php?rest_route=\/wp\/v2\/pages"}],"about":[{"href":"https:\/\/www.publimailer.fr\/index.php?rest_route=\/wp\/v2\/types\/page"}],"author":[{"embeddable":true,"href":"https:\/\/www.publimailer.fr\/index.php?rest_route=\/wp\/v2\/users\/1"}],"replies":[{"embeddable":true,"href":"https:\/\/www.publimailer.fr\/index.php?rest_route=%2Fwp%2Fv2%2Fcomments&post=8"}],"version-history":[{"count":2,"href":"https:\/\/www.publimailer.fr\/index.php?rest_route=\/wp\/v2\/pages\/8\/revisions"}],"predecessor-version":[{"id":71,"href":"https:\/\/www.publimailer.fr\/index.php?rest_route=\/wp\/v2\/pages\/8\/revisions\/71"}],"wp:attachment":[{"href":"https:\/\/www.publimailer.fr\/index.php?rest_route=%2Fwp%2Fv2%2Fmedia&parent=8"}],"curies":[{"name":"wp","href":"https:\/\/api.w.org\/{rel}","templated":true}]}}