{"id":24,"date":"2022-09-14T10:48:24","date_gmt":"2022-09-14T08:48:24","guid":{"rendered":"https:\/\/www.publimailer.fr\/?page_id=24"},"modified":"2022-09-14T10:48:24","modified_gmt":"2022-09-14T08:48:24","slug":"qui-sommes-nous","status":"publish","type":"page","link":"https:\/\/www.publimailer.fr\/?page_id=24","title":{"rendered":"Qui Sommes Nous ?"},"content":{"rendered":"\n<p>Notre soci\u00e9t\u00e9 a \u00e9t\u00e9 cr\u00e9\u00e9e en 2006 par d\u2019anciens salari\u00e9s d\u2019une soci\u00e9t\u00e9 de distribution. Nous avons donc une exp\u00e9rience de longue date de la distribution en bo\u00eetes aux lettres. Nous travaillons avec des graphistes, des informaticiens en auto-entrepreneurs pour all\u00e9ger les charges.<\/p>\n\n\n\n<p>Nos distributeurs sont des artisans ou des auto-entrepreneurs que nous connaissons depuis longtemps. La principale activit\u00e9 du g\u00e9rant consiste \u00e0 faire du contr\u00f4le terrain et inopin\u00e9 de ces clients. Le commercial g\u00e8re les distributions au jour le jour et l\u2019information client.<\/p>\n\n\n\n<p class=\"blue\">DIMINUTION MAXIMALE DES FRAIS ET MEILLEUR RAPPORT QUALITE PRIX TELLES SONT NOS DEVISES EN CES TEMPS DIFFICILES !!!<\/p>\n","protected":false},"excerpt":{"rendered":"<p>Notre soci\u00e9t\u00e9 a \u00e9t\u00e9 cr\u00e9\u00e9e en 2006 par d\u2019anciens salari\u00e9s d\u2019une soci\u00e9t\u00e9 de distribution. Nous avons donc une exp\u00e9rience de longue date de la distribution en bo\u00eetes aux lettres. Nous travaillons avec des graphistes, des informaticiens en auto-entrepreneurs pour all\u00e9ger les charges. Nos distributeurs sont des artisans ou des auto-entrepreneurs que nous connaissons depuis longtemps. [&hellip;]<\/p>\n","protected":false},"author":1,"featured_media":0,"parent":0,"menu_order":0,"comment_status":"closed","ping_status":"closed","template":"","meta":{"footnotes":""},"class_list":["post-24","page","type-page","status-publish","hentry"],"aioseo_notices":[],"_links":{"self":[{"href":"https:\/\/www.publimailer.fr\/index.php?rest_route=\/wp\/v2\/pages\/24","targetHints":{"allow":["GET"]}}],"collection":[{"href":"https:\/\/www.publimailer.fr\/index.php?rest_route=\/wp\/v2\/pages"}],"about":[{"href":"https:\/\/www.publimailer.fr\/index.php?rest_route=\/wp\/v2\/types\/page"}],"author":[{"embeddable":true,"href":"https:\/\/www.publimailer.fr\/index.php?rest_route=\/wp\/v2\/users\/1"}],"replies":[{"embeddable":true,"href":"https:\/\/www.publimailer.fr\/index.php?rest_route=%2Fwp%2Fv2%2Fcomments&post=24"}],"version-history":[{"count":1,"href":"https:\/\/www.publimailer.fr\/index.php?rest_route=\/wp\/v2\/pages\/24\/revisions"}],"predecessor-version":[{"id":25,"href":"https:\/\/www.publimailer.fr\/index.php?rest_route=\/wp\/v2\/pages\/24\/revisions\/25"}],"wp:attachment":[{"href":"https:\/\/www.publimailer.fr\/index.php?rest_route=%2Fwp%2Fv2%2Fmedia&parent=24"}],"curies":[{"name":"wp","href":"https:\/\/api.w.org\/{rel}","templated":true}]}}